{"id":1258,"date":"2025-02-27T11:05:37","date_gmt":"2025-02-27T11:05:37","guid":{"rendered":"https:\/\/sukhapsikoloji.com\/?page_id=1258"},"modified":"2025-03-01T01:46:23","modified_gmt":"2025-03-01T01:46:23","slug":"ucretsiz-10-dakikalik-on-gorusme","status":"publish","type":"page","link":"https:\/\/sukhapsikoloji.com\/tr\/ucretsiz-10-dakikalik-on-gorusme\/","title":{"rendered":"\u00dccretsiz 10 Dakikal\u0131k \u00d6n G\u00f6r\u00fc\u015fme | Online Terapi Randevusu"},"content":{"rendered":"<p>[et_pb_section fb_built=&#8221;1&#8243; _builder_version=&#8221;4.20.0&#8243; _module_preset=&#8221;default&#8221; background_color=&#8221;rgba(0,0,0,0.05)&#8221; custom_margin=&#8221;||-5px|||&#8221; custom_padding=&#8221;40px||70px|||&#8221; locked=&#8221;off&#8221; global_colors_info=&#8221;{}&#8221;][et_pb_row column_structure=&#8221;1_4,1_2,1_4&#8243; make_equal=&#8221;on&#8221; _builder_version=&#8221;4.22.2&#8243; _module_preset=&#8221;default&#8221; width=&#8221;95%&#8221; max_width=&#8221;1400px&#8221; custom_padding=&#8221;0px||2px||false|false&#8221; global_colors_info=&#8221;{}&#8221;][et_pb_column type=&#8221;1_4&#8243; _builder_version=&#8221;4.20.0&#8243; _module_preset=&#8221;default&#8221; global_colors_info=&#8221;{}&#8221;][\/et_pb_column][et_pb_column type=&#8221;1_2&#8243; _builder_version=&#8221;4.22.2&#8243; _module_preset=&#8221;default&#8221; global_colors_info=&#8221;{}&#8221;][et_pb_text _builder_version=&#8221;4.27.4&#8243; _module_preset=&#8221;default&#8221; header_font=&#8221;Cardo|700|||||||&#8221; header_text_align=&#8221;center&#8221; header_font_size=&#8221;60px&#8221; header_line_height=&#8221;1.2em&#8221; header_2_font_size=&#8221;40px&#8221; custom_margin=&#8221;||15px|||&#8221; custom_padding=&#8221;94px|||||&#8221; hover_enabled=&#8221;0&#8243; header_font_size_tablet=&#8221;66px&#8221; header_font_size_phone=&#8221;44px&#8221; header_font_size_last_edited=&#8221;on|phone&#8221; locked=&#8221;off&#8221; global_colors_info=&#8221;{}&#8221; text_font_size=&#8221;5px&#8221; sticky_enabled=&#8221;0&#8243;]<\/p>\n<h1 contenteditable=\"true\" class=\"wp-block wp-block-post-title block-editor-block-list__block editor-post-title editor-post-title__input rich-text is-selected\" aria-label=\"Add title\" role=\"textbox\" aria-multiline=\"true\"><strong data-start=\"170\" data-end=\"232\">\u00dccretsiz 10 Dakikal\u0131k \u00d6n G\u00f6r\u00fc\u015fme Randevusu<\/strong><\/h1>\n<p>[\/et_pb_text][et_pb_text _builder_version=&#8221;4.27.4&#8243; _module_preset=&#8221;default&#8221; text_font_size=&#8221;16px&#8221; text_line_height=&#8221;1.8em&#8221; text_orientation=&#8221;center&#8221; width_tablet=&#8221;70%&#8221; width_phone=&#8221;90%&#8221; width_last_edited=&#8221;on|phone&#8221; custom_margin=&#8221;||12px|||&#8221; locked=&#8221;off&#8221; global_colors_info=&#8221;{}&#8221;]<\/p>\n<p data-start=\"51\" data-end=\"334\">Online terapi \u00f6ncesinde \u00fccretsiz 10 dakikal\u0131k bir \u00f6n g\u00f6r\u00fc\u015fme yaparak s\u00fcreci ke\u015ffedebilirsiniz. G\u00f6r\u00fc\u015fme, g\u00f6r\u00fcnt\u00fcl\u00fc olarak ger\u00e7ekle\u015fir ve bilgilendirme ama\u00e7l\u0131d\u0131r. Hemen randevu olu\u015fturun!<\/p>\n<p>[\/et_pb_text][\/et_pb_column][et_pb_column type=&#8221;1_4&#8243; _builder_version=&#8221;4.22.2&#8243; _module_preset=&#8221;default&#8221; global_colors_info=&#8221;{}&#8221;][\/et_pb_column][\/et_pb_row][\/et_pb_section][et_pb_section fb_built=&#8221;1&#8243; admin_label=&#8221;section&#8221; _builder_version=&#8221;4.16&#8243; global_colors_info=&#8221;{}&#8221;][et_pb_row admin_label=&#8221;row&#8221; _builder_version=&#8221;4.16&#8243; background_size=&#8221;initial&#8221; background_position=&#8221;top_left&#8221; background_repeat=&#8221;repeat&#8221; global_colors_info=&#8221;{}&#8221;][et_pb_column type=&#8221;4_4&#8243; _builder_version=&#8221;4.16&#8243; custom_padding=&#8221;|||&#8221; global_colors_info=&#8221;{}&#8221; custom_padding__hover=&#8221;|||&#8221;][dsm_breadcrumbs current_bg_color=&#8221;RGBA(255,255,255,0)&#8221; _builder_version=&#8221;4.27.4&#8243; _module_preset=&#8221;default&#8221; items_text_color=&#8221;#000000&#8243; home_icon_text_color=&#8221;#000000&#8243; current_text_color=&#8221;#000000&#8243; global_colors_info=&#8221;{}&#8221;][\/dsm_breadcrumbs][et_pb_text admin_label=&#8221;Text&#8221; _builder_version=&#8221;4.27.4&#8243; background_size=&#8221;initial&#8221; background_position=&#8221;top_left&#8221; background_repeat=&#8221;repeat&#8221; global_colors_info=&#8221;{}&#8221;]<\/p>\n\n<div class=\"wpcf7 no-js\" id=\"wpcf7-f1289-o1\" lang=\"tr-TR\" dir=\"ltr\" data-wpcf7-id=\"1289\">\n<div class=\"screen-reader-response\"><p role=\"status\" aria-live=\"polite\" aria-atomic=\"true\"><\/p> <ul><\/ul><\/div>\n<form action=\"\/tr\/wp-json\/wp\/v2\/pages\/1258#wpcf7-f1289-o1\" method=\"post\" class=\"wpcf7-form init\" aria-label=\"\u0130leti\u015fim Formu\" novalidate=\"novalidate\" data-status=\"init\">\n<div style=\"display: none;\">\n<input type=\"hidden\" name=\"_wpcf7\" value=\"1289\" \/>\n<input type=\"hidden\" name=\"_wpcf7_version\" value=\"6.0.4\" \/>\n<input type=\"hidden\" name=\"_wpcf7_locale\" value=\"tr_TR\" \/>\n<input type=\"hidden\" name=\"_wpcf7_unit_tag\" value=\"wpcf7-f1289-o1\" \/>\n<input type=\"hidden\" name=\"_wpcf7_container_post\" value=\"0\" \/>\n<input type=\"hidden\" name=\"_wpcf7_posted_data_hash\" value=\"\" \/>\n<\/div>\n<div class=\"uacf7-form-1289  \"><p><b>Ad\u0131n\u0131z<\/b><br>\n<span class=\"wpcf7-form-control-wrap\" data-name=\"firstname\"><input size=\"40\" maxlength=\"400\" class=\"wpcf7-form-control wpcf7-text wpcf7-validates-as-required\" aria-required=\"true\" aria-invalid=\"false\" value=\"\" type=\"text\" name=\"firstname\" \/><\/span> <\/label>\n\n<p><b>E-posta Adresiniz<\/b><br>\n<span class=\"wpcf7-form-control-wrap\" data-name=\"your-email\"><input size=\"40\" maxlength=\"400\" class=\"wpcf7-form-control wpcf7-email wpcf7-validates-as-required wpcf7-text wpcf7-validates-as-email\" aria-required=\"true\" aria-invalid=\"false\" value=\"\" type=\"email\" name=\"your-email\" \/><\/span> <\/label>\n\n<p><b>Telefon Numaran\u0131z:<\/b><br>\n   <span class=\"wpcf7-form-control-wrap\" data-name=\"phone\"><input size=\"40\" maxlength=\"400\" class=\"wpcf7-form-control wpcf7-text wpcf7-validates-as-required\" aria-required=\"true\" aria-invalid=\"false\" placeholder=\"Telefon numaran\u0131z\u0131 giriniz\" value=\"\" type=\"text\" name=\"phone\" \/><\/span><\/p>\n\n<p><b>L\u00fctfen ya\u015f\u0131n\u0131z\u0131 giriniz:<\/b><br>\n   <span class=\"wpcf7-form-control-wrap\" data-name=\"age\"><input size=\"40\" maxlength=\"400\" class=\"wpcf7-form-control wpcf7-text\" aria-invalid=\"false\" placeholder=\"Ya\u015f\u0131n\u0131z\u0131 giriniz\" value=\"\" type=\"text\" name=\"age\" \/><\/span><\/p>\n\n<p><b> Randevu Tarihi<\/b><br>\n<span class=\"wpcf7-form-control-wrap\" data-name=\"appointment-date\"><input class=\"wpcf7-form-control wpcf7-date wpcf7-validates-as-required wpcf7-validates-as-date\" aria-required=\"true\" aria-invalid=\"false\" value=\"\" type=\"date\" name=\"appointment-date\" \/><\/span> <\/label>\n\n<p><b>Tercih Edilen Saat Aral\u0131\u011f\u0131 <\/b><br>\n<span class=\"wpcf7-form-control-wrap dsm-contact-form-7-select appointment-time\"><select class=\"wpcf7-form-control wpcf7-select et_pb_contact_select input\" aria-invalid=\"false\" name=\"appointment-time\"><option value=\"09:00 - 11:00\">09:00 - 11:00<\/option><option value=\"11:00 - 13:00\">11:00 - 13:00<\/option><option value=\"13:00 - 15:00\">13:00 - 15:00<\/option><option value=\"15:00 - 17:00\">15:00 - 17:00<\/option><option value=\"17:00 - 19:00\">17:00 - 19:00<\/option><option value=\"19:00 - 21:00\">19:00 - 21:00<\/option><option value=\"21:00 - 23:00\">21:00 - 23:00<\/option><\/select><\/span> <\/label>\n\n<p><b> Mesaj\u0131n\u0131z (Opsiyonel)<\/b><br>\n<span class=\"wpcf7-form-control-wrap\" data-name=\"message\"><textarea cols=\"40\" rows=\"10\" maxlength=\"2000\" class=\"wpcf7-form-control wpcf7-textarea\" aria-invalid=\"false\" name=\"message\"><\/textarea><\/span> <\/label>\n\n<button class=\"wpcf7-form-control wpcf7-submit has-spinner et_pb_button et_pb_bg_layout_light\" type=\"submit\" value=\"Randevu Talep Et\">Randevu Talep Et<\/button>\n\n<p><b>Randevu talebinizi olu\u015fturduktan sonra, belirtti\u011finiz tarih ve saat do\u011frultusunda program\u0131m\u0131za uygunluk durumuna g\u00f6re taraf\u0131n\u0131za geri d\u00f6n\u00fc\u015f yap\u0131lacakt\u0131r. Onay al\u0131nd\u0131\u011f\u0131nda, seans ba\u011flant\u0131n\u0131z e-posta ve\/veya WhatsApp \u00fczerinden payla\u015f\u0131lacakt\u0131r.<\/b><br>\n\n<p><b>Bu \u00f6n g\u00f6r\u00fc\u015fme yaln\u0131zca 10 dakika s\u00fcrmektedir ve online terapi s\u00fcreci hakk\u0131nda bilgilendirme ve tan\u0131\u015fma amac\u0131 ta\u015f\u0131r.<\/b><br>\n<br><\/div><input type=\"hidden\" id=\"ct_checkjs_cf7_ffeabd223de0d4eacb9a3e6e53e5448d\" name=\"ct_checkjs_cf7\" value=\"0\" \/><script >setTimeout(function(){var ct_input_name = \"ct_checkjs_cf7_ffeabd223de0d4eacb9a3e6e53e5448d\";if (document.getElementById(ct_input_name) !== null) {var ct_input_value = document.getElementById(ct_input_name).value;document.getElementById(ct_input_name).value = document.getElementById(ct_input_name).value.replace(ct_input_value, '5cbbbda47694b7e2da215e81d44404f91ed61e8e7686e884a8ecb37317416a64');}}, 1000);<\/script><label class=\"apbct_special_field\" id=\"apbct_label_id76867\" for=\"apbct__email_id__wp_contact_form_7_76867\">76867<\/label><input\n            id=\"apbct__email_id__wp_contact_form_7_76867\"\n            class=\"apbct_special_field apbct__email_id__wp_contact_form_7\"\n            name=\"apbct__email_id__wp_contact_form_7_76867\"\n            type=\"text\" size=\"30\" maxlength=\"200\" autocomplete=\"off\"\n            value=\"76867\" apbct_event_id=\"76867\"\n            \/><input id=\"apbct_event_id_wp_contact_form_7_76867\"\n                class=\"apbct_special_field\" name=\"apbct_event_id\" type=\"hidden\" value=\"76867\" \/><div class=\"wpcf7-response-output\" aria-hidden=\"true\"><\/div>\n<\/form>\n<\/div>\n\n<p>[\/et_pb_text][\/et_pb_column][\/et_pb_row][\/et_pb_section]<\/p>\n","protected":false},"excerpt":{"rendered":"<p>Online terapi i\u00e7in randevunuzu olu\u015fturun ve profesyonel destek al\u0131n. Esnek saatler ve kolay eri\u015fimle zihinsel sa\u011fl\u0131\u011f\u0131n\u0131z\u0131 g\u00fc\u00e7lendirin.<\/p>\n","protected":false},"author":3,"featured_media":1291,"parent":0,"menu_order":0,"comment_status":"closed","ping_status":"closed","template":"","meta":{"_et_pb_use_builder":"on","_et_pb_old_content":"<!-- wp:shortcode -->\n[contact-form-7 id=\"143ae53\" title=\"Depresion test PHQ 9 - English\"]\n<!-- \/wp:shortcode -->","_et_gb_content_width":"","footnotes":""},"class_list":["post-1258","page","type-page","status-publish","has-post-thumbnail","hentry"],"yoast_head":"<!-- This site is optimized with the Yoast SEO plugin v24.5 - https:\/\/yoast.com\/wordpress\/plugins\/seo\/ -->\n<title>\u00dccretsiz 10 Dakikal\u0131k \u00d6n G\u00f6r\u00fc\u015fme | Online Terapi Randevusu<\/title>\n<meta name=\"description\" content=\"Online terapiye ba\u015flamadan \u00f6nce, \u00fccretsiz 10 dakikal\u0131k \u00f6n g\u00f6r\u00fc\u015fme ile terapi s\u00fcrecini ke\u015ffedin.\" \/>\n<meta name=\"robots\" content=\"index, follow, max-snippet:-1, max-image-preview:large, max-video-preview:-1\" \/>\n<link rel=\"canonical\" href=\"https:\/\/sukhapsikoloji.com\/tr\/ucretsiz-10-dakikalik-on-gorusme\/\" \/>\n<meta property=\"og:locale\" content=\"tr_TR\" \/>\n<meta property=\"og:type\" content=\"article\" \/>\n<meta property=\"og:title\" content=\"\u00dccretsiz 10 Dakikal\u0131k \u00d6n G\u00f6r\u00fc\u015fme | Online Terapi Randevusu\" \/>\n<meta property=\"og:description\" content=\"Online terapiye ba\u015flamadan \u00f6nce, \u00fccretsiz 10 dakikal\u0131k \u00f6n g\u00f6r\u00fc\u015fme ile terapi s\u00fcrecini ke\u015ffedin.\" \/>\n<meta property=\"og:url\" content=\"https:\/\/sukhapsikoloji.com\/tr\/ucretsiz-10-dakikalik-on-gorusme\/\" \/>\n<meta property=\"og:site_name\" content=\"Sukha Psychology\" \/>\n<meta property=\"article:publisher\" content=\"https:\/\/facebook.com\/sukhapsikoloji\" \/>\n<meta property=\"article:modified_time\" content=\"2025-03-01T01:46:23+00:00\" \/>\n<meta property=\"og:image\" content=\"https:\/\/sukhapsikoloji.com\/wp-content\/uploads\/2025\/03\/Ucretsiz-on-gorusme.jpg\" \/>\n\t<meta property=\"og:image:width\" content=\"1080\" \/>\n\t<meta property=\"og:image:height\" content=\"1080\" \/>\n\t<meta property=\"og:image:type\" content=\"image\/jpeg\" \/>\n<meta name=\"twitter:card\" content=\"summary_large_image\" \/>\n<meta name=\"twitter:label1\" content=\"Tahmini okuma s\u00fcresi\" \/>\n\t<meta name=\"twitter:data1\" content=\"1 dakika\" \/>\n<script type=\"application\/ld+json\" class=\"yoast-schema-graph\">{\"@context\":\"https:\/\/schema.org\",\"@graph\":[{\"@type\":\"WebPage\",\"@id\":\"https:\/\/sukhapsikoloji.com\/tr\/ucretsiz-10-dakikalik-on-gorusme\/\",\"url\":\"https:\/\/sukhapsikoloji.com\/tr\/ucretsiz-10-dakikalik-on-gorusme\/\",\"name\":\"\u00dccretsiz 10 Dakikal\u0131k \u00d6n G\u00f6r\u00fc\u015fme | Online Terapi Randevusu\",\"isPartOf\":{\"@id\":\"https:\/\/sukhapsikoloji.com\/#website\"},\"primaryImageOfPage\":{\"@id\":\"https:\/\/sukhapsikoloji.com\/tr\/ucretsiz-10-dakikalik-on-gorusme\/#primaryimage\"},\"image\":{\"@id\":\"https:\/\/sukhapsikoloji.com\/tr\/ucretsiz-10-dakikalik-on-gorusme\/#primaryimage\"},\"thumbnailUrl\":\"https:\/\/sukhapsikoloji.com\/wp-content\/uploads\/2025\/03\/Ucretsiz-on-gorusme.jpg\",\"datePublished\":\"2025-02-27T11:05:37+00:00\",\"dateModified\":\"2025-03-01T01:46:23+00:00\",\"description\":\"Online terapiye ba\u015flamadan \u00f6nce, \u00fccretsiz 10 dakikal\u0131k \u00f6n g\u00f6r\u00fc\u015fme ile terapi s\u00fcrecini ke\u015ffedin.\",\"breadcrumb\":{\"@id\":\"https:\/\/sukhapsikoloji.com\/tr\/ucretsiz-10-dakikalik-on-gorusme\/#breadcrumb\"},\"inLanguage\":\"tr\",\"potentialAction\":[{\"@type\":\"ReadAction\",\"target\":[\"https:\/\/sukhapsikoloji.com\/tr\/ucretsiz-10-dakikalik-on-gorusme\/\"]}]},{\"@type\":\"ImageObject\",\"inLanguage\":\"tr\",\"@id\":\"https:\/\/sukhapsikoloji.com\/tr\/ucretsiz-10-dakikalik-on-gorusme\/#primaryimage\",\"url\":\"https:\/\/sukhapsikoloji.com\/wp-content\/uploads\/2025\/03\/Ucretsiz-on-gorusme.jpg\",\"contentUrl\":\"https:\/\/sukhapsikoloji.com\/wp-content\/uploads\/2025\/03\/Ucretsiz-on-gorusme.jpg\",\"width\":1080,\"height\":1080,\"caption\":\"\u00dccretsiz \u00f6n g\u00f6r\u00fc\u015fme\"},{\"@type\":\"BreadcrumbList\",\"@id\":\"https:\/\/sukhapsikoloji.com\/tr\/ucretsiz-10-dakikalik-on-gorusme\/#breadcrumb\",\"itemListElement\":[{\"@type\":\"ListItem\",\"position\":1,\"name\":\"Home\",\"item\":\"https:\/\/sukhapsikoloji.com\/tr\/\"},{\"@type\":\"ListItem\",\"position\":2,\"name\":\"\u00dccretsiz 10 Dakikal\u0131k \u00d6n G\u00f6r\u00fc\u015fme | Online Terapi Randevusu\"}]},{\"@type\":\"WebSite\",\"@id\":\"https:\/\/sukhapsikoloji.com\/#website\",\"url\":\"https:\/\/sukhapsikoloji.com\/\",\"name\":\"Sukha Psychology\",\"description\":\"Online therapy service\",\"publisher\":{\"@id\":\"https:\/\/sukhapsikoloji.com\/#organization\"},\"potentialAction\":[{\"@type\":\"SearchAction\",\"target\":{\"@type\":\"EntryPoint\",\"urlTemplate\":\"https:\/\/sukhapsikoloji.com\/?s={search_term_string}\"},\"query-input\":{\"@type\":\"PropertyValueSpecification\",\"valueRequired\":true,\"valueName\":\"search_term_string\"}}],\"inLanguage\":\"tr\"},{\"@type\":\"Organization\",\"@id\":\"https:\/\/sukhapsikoloji.com\/#organization\",\"name\":\"Sukha Psychology\",\"url\":\"https:\/\/sukhapsikoloji.com\/\",\"logo\":{\"@type\":\"ImageObject\",\"inLanguage\":\"tr\",\"@id\":\"https:\/\/sukhapsikoloji.com\/#\/schema\/logo\/image\/\",\"url\":\"https:\/\/sukhapsikoloji.com\/wp-content\/uploads\/2022\/04\/Sukha_Dark_Logo_edited.webp\",\"contentUrl\":\"https:\/\/sukhapsikoloji.com\/wp-content\/uploads\/2022\/04\/Sukha_Dark_Logo_edited.webp\",\"width\":294,\"height\":120,\"caption\":\"Sukha Psychology\"},\"image\":{\"@id\":\"https:\/\/sukhapsikoloji.com\/#\/schema\/logo\/image\/\"},\"sameAs\":[\"https:\/\/facebook.com\/sukhapsikoloji\",\"https:\/\/www.instagram.com\/sukhapsikoloji\"]}]}<\/script>\n<!-- \/ Yoast SEO plugin. -->","yoast_head_json":{"title":"\u00dccretsiz 10 Dakikal\u0131k \u00d6n G\u00f6r\u00fc\u015fme | Online Terapi Randevusu","description":"Online terapiye ba\u015flamadan \u00f6nce, \u00fccretsiz 10 dakikal\u0131k \u00f6n g\u00f6r\u00fc\u015fme ile terapi s\u00fcrecini ke\u015ffedin.","robots":{"index":"index","follow":"follow","max-snippet":"max-snippet:-1","max-image-preview":"max-image-preview:large","max-video-preview":"max-video-preview:-1"},"canonical":"https:\/\/sukhapsikoloji.com\/tr\/ucretsiz-10-dakikalik-on-gorusme\/","og_locale":"tr_TR","og_type":"article","og_title":"\u00dccretsiz 10 Dakikal\u0131k \u00d6n G\u00f6r\u00fc\u015fme | Online Terapi Randevusu","og_description":"Online terapiye ba\u015flamadan \u00f6nce, \u00fccretsiz 10 dakikal\u0131k \u00f6n g\u00f6r\u00fc\u015fme ile terapi s\u00fcrecini ke\u015ffedin.","og_url":"https:\/\/sukhapsikoloji.com\/tr\/ucretsiz-10-dakikalik-on-gorusme\/","og_site_name":"Sukha Psychology","article_publisher":"https:\/\/facebook.com\/sukhapsikoloji","article_modified_time":"2025-03-01T01:46:23+00:00","og_image":[{"width":1080,"height":1080,"url":"https:\/\/sukhapsikoloji.com\/wp-content\/uploads\/2025\/03\/Ucretsiz-on-gorusme.jpg","type":"image\/jpeg"}],"twitter_card":"summary_large_image","twitter_misc":{"Tahmini okuma s\u00fcresi":"1 dakika"},"schema":{"@context":"https:\/\/schema.org","@graph":[{"@type":"WebPage","@id":"https:\/\/sukhapsikoloji.com\/tr\/ucretsiz-10-dakikalik-on-gorusme\/","url":"https:\/\/sukhapsikoloji.com\/tr\/ucretsiz-10-dakikalik-on-gorusme\/","name":"\u00dccretsiz 10 Dakikal\u0131k \u00d6n G\u00f6r\u00fc\u015fme | Online Terapi Randevusu","isPartOf":{"@id":"https:\/\/sukhapsikoloji.com\/#website"},"primaryImageOfPage":{"@id":"https:\/\/sukhapsikoloji.com\/tr\/ucretsiz-10-dakikalik-on-gorusme\/#primaryimage"},"image":{"@id":"https:\/\/sukhapsikoloji.com\/tr\/ucretsiz-10-dakikalik-on-gorusme\/#primaryimage"},"thumbnailUrl":"https:\/\/sukhapsikoloji.com\/wp-content\/uploads\/2025\/03\/Ucretsiz-on-gorusme.jpg","datePublished":"2025-02-27T11:05:37+00:00","dateModified":"2025-03-01T01:46:23+00:00","description":"Online terapiye ba\u015flamadan \u00f6nce, \u00fccretsiz 10 dakikal\u0131k \u00f6n g\u00f6r\u00fc\u015fme ile terapi s\u00fcrecini ke\u015ffedin.","breadcrumb":{"@id":"https:\/\/sukhapsikoloji.com\/tr\/ucretsiz-10-dakikalik-on-gorusme\/#breadcrumb"},"inLanguage":"tr","potentialAction":[{"@type":"ReadAction","target":["https:\/\/sukhapsikoloji.com\/tr\/ucretsiz-10-dakikalik-on-gorusme\/"]}]},{"@type":"ImageObject","inLanguage":"tr","@id":"https:\/\/sukhapsikoloji.com\/tr\/ucretsiz-10-dakikalik-on-gorusme\/#primaryimage","url":"https:\/\/sukhapsikoloji.com\/wp-content\/uploads\/2025\/03\/Ucretsiz-on-gorusme.jpg","contentUrl":"https:\/\/sukhapsikoloji.com\/wp-content\/uploads\/2025\/03\/Ucretsiz-on-gorusme.jpg","width":1080,"height":1080,"caption":"\u00dccretsiz \u00f6n g\u00f6r\u00fc\u015fme"},{"@type":"BreadcrumbList","@id":"https:\/\/sukhapsikoloji.com\/tr\/ucretsiz-10-dakikalik-on-gorusme\/#breadcrumb","itemListElement":[{"@type":"ListItem","position":1,"name":"Home","item":"https:\/\/sukhapsikoloji.com\/tr\/"},{"@type":"ListItem","position":2,"name":"\u00dccretsiz 10 Dakikal\u0131k \u00d6n G\u00f6r\u00fc\u015fme | Online Terapi Randevusu"}]},{"@type":"WebSite","@id":"https:\/\/sukhapsikoloji.com\/#website","url":"https:\/\/sukhapsikoloji.com\/","name":"Sukha Psychology","description":"Online therapy service","publisher":{"@id":"https:\/\/sukhapsikoloji.com\/#organization"},"potentialAction":[{"@type":"SearchAction","target":{"@type":"EntryPoint","urlTemplate":"https:\/\/sukhapsikoloji.com\/?s={search_term_string}"},"query-input":{"@type":"PropertyValueSpecification","valueRequired":true,"valueName":"search_term_string"}}],"inLanguage":"tr"},{"@type":"Organization","@id":"https:\/\/sukhapsikoloji.com\/#organization","name":"Sukha Psychology","url":"https:\/\/sukhapsikoloji.com\/","logo":{"@type":"ImageObject","inLanguage":"tr","@id":"https:\/\/sukhapsikoloji.com\/#\/schema\/logo\/image\/","url":"https:\/\/sukhapsikoloji.com\/wp-content\/uploads\/2022\/04\/Sukha_Dark_Logo_edited.webp","contentUrl":"https:\/\/sukhapsikoloji.com\/wp-content\/uploads\/2022\/04\/Sukha_Dark_Logo_edited.webp","width":294,"height":120,"caption":"Sukha Psychology"},"image":{"@id":"https:\/\/sukhapsikoloji.com\/#\/schema\/logo\/image\/"},"sameAs":["https:\/\/facebook.com\/sukhapsikoloji","https:\/\/www.instagram.com\/sukhapsikoloji"]}]}},"_links":{"self":[{"href":"https:\/\/sukhapsikoloji.com\/tr\/wp-json\/wp\/v2\/pages\/1258","targetHints":{"allow":["GET"]}}],"collection":[{"href":"https:\/\/sukhapsikoloji.com\/tr\/wp-json\/wp\/v2\/pages"}],"about":[{"href":"https:\/\/sukhapsikoloji.com\/tr\/wp-json\/wp\/v2\/types\/page"}],"author":[{"embeddable":true,"href":"https:\/\/sukhapsikoloji.com\/tr\/wp-json\/wp\/v2\/users\/3"}],"replies":[{"embeddable":true,"href":"https:\/\/sukhapsikoloji.com\/tr\/wp-json\/wp\/v2\/comments?post=1258"}],"version-history":[{"count":0,"href":"https:\/\/sukhapsikoloji.com\/tr\/wp-json\/wp\/v2\/pages\/1258\/revisions"}],"wp:featuredmedia":[{"embeddable":true,"href":"https:\/\/sukhapsikoloji.com\/tr\/wp-json\/wp\/v2\/media\/1291"}],"wp:attachment":[{"href":"https:\/\/sukhapsikoloji.com\/tr\/wp-json\/wp\/v2\/media?parent=1258"}],"curies":[{"name":"wp","href":"https:\/\/api.w.org\/{rel}","templated":true}]}}